{"id":1110,"date":"2021-07-21T02:55:40","date_gmt":"2021-07-21T06:55:40","guid":{"rendered":"https:\/\/asobogh.org.bo\/members\/"},"modified":"2025-07-12T15:41:04","modified_gmt":"2025-07-12T19:41:04","slug":"members","status":"publish","type":"page","link":"https:\/\/asobogh.org.bo\/?page_id=1110","title":{"rendered":"ASOCIADOS"},"content":{"rendered":"<p>[vc_row css_animation=\u00bb\u00bb row_type=\u00bbrow\u00bb use_row_as_full_screen_section=\u00bbno\u00bb type=\u00bbfull_width\u00bb angled_section=\u00bbno\u00bb text_align=\u00bbleft\u00bb background_image_as_pattern=\u00bbwithout_pattern\u00bb][vc_column][vc_column_text]<\/p>\n<h1 style=\"text-align: center;\"><span style=\"color: #ff9900;\">Las ventajas de ser asociado<\/span><\/h1>\n<p>[\/vc_column_text][vc_separator type=\u00bbsmall\u00bb position=\u00bbcenter\u00bb color=\u00bb#faa100&#8243;][vc_empty_space height=\u00bb52px\u00bb][\/vc_column][\/vc_row][vc_row css_animation=\u00bb\u00bb row_type=\u00bbrow\u00bb use_row_as_full_screen_section=\u00bbno\u00bb type=\u00bbfull_width\u00bb angled_section=\u00bbno\u00bb text_align=\u00bbleft\u00bb background_image_as_pattern=\u00bbwithout_pattern\u00bb][vc_column]<div class=\"qode-workflow  qode-workflow-animate\">\n    <span class=\"main-line\" style=\"\"><\/span>\n    <div class=\"qode-workflow-item\">\n    <span class=\"line\" style=\"\"><\/span>\n    <div class=\"qode-workflow-item-inner \">\n        <div class=\"qode-workflow-image center\">\n            <img fetchpriority=\"high\" decoding=\"async\" width=\"400\" height=\"250\" src=\"https:\/\/asobogh.org.bo\/wp-content\/uploads\/2022\/09\/Diseno-sin-titulo-35.png\" class=\"attachment-full size-full\" alt=\"\" srcset=\"https:\/\/asobogh.org.bo\/wp-content\/uploads\/2022\/09\/Diseno-sin-titulo-35.png 400w, https:\/\/asobogh.org.bo\/wp-content\/uploads\/2022\/09\/Diseno-sin-titulo-35-300x188.png 300w\" sizes=\"(max-width: 400px) 100vw, 400px\" \/>        <\/div>\n        <div class=\"qode-workflow-text\">\n            <span class=\"circle\" style=\"\"><\/span>\n                            <h3>Descuentos en eventos nacionales e internacionales<\/h3>\n                                                    <p class=\"text\">20% XVII Congresos Internacional GH 2025<br \/>\n10 a 15% Congresos de la FIDAGH<br \/>\nHasta 20% de descuento en Congresos mundiales de<br \/>\nSHRM<\/p>\n                    <\/div>\n    <\/div>\n<\/div><div class=\"qode-workflow-item\">\n    <span class=\"line\" style=\"\"><\/span>\n    <div class=\"qode-workflow-item-inner reverse\">\n        <div class=\"qode-workflow-image center\">\n            <img decoding=\"async\" width=\"400\" height=\"250\" src=\"https:\/\/asobogh.org.bo\/wp-content\/uploads\/2022\/09\/Nuevos-Beneficios-2022.png\" class=\"attachment-full size-full\" alt=\"\" srcset=\"https:\/\/asobogh.org.bo\/wp-content\/uploads\/2022\/09\/Nuevos-Beneficios-2022.png 400w, https:\/\/asobogh.org.bo\/wp-content\/uploads\/2022\/09\/Nuevos-Beneficios-2022-300x188.png 300w\" sizes=\"(max-width: 400px) 100vw, 400px\" \/>        <\/div>\n        <div class=\"qode-workflow-text\">\n            <span class=\"circle\" style=\"\"><\/span>\n                            <h3>Webinars y talleres virtuales<\/h3>\n                                                    <p class=\"text\">Constantemente tenemos diferentes webinars y talleres virtuales con diferentes temas de actualidad y relevancia para nuestro sector, sin ning\u00fan costo para los asociados.<\/p>\n                    <\/div>\n    <\/div>\n<\/div><div class=\"qode-workflow-item\">\n    <span class=\"line\" style=\"\"><\/span>\n    <div class=\"qode-workflow-item-inner \">\n        <div class=\"qode-workflow-image center\">\n            <img decoding=\"async\" width=\"400\" height=\"250\" src=\"https:\/\/asobogh.org.bo\/wp-content\/uploads\/2022\/09\/Nuevos-Beneficios-2022-1.png\" class=\"attachment-full size-full\" alt=\"\" srcset=\"https:\/\/asobogh.org.bo\/wp-content\/uploads\/2022\/09\/Nuevos-Beneficios-2022-1.png 400w, https:\/\/asobogh.org.bo\/wp-content\/uploads\/2022\/09\/Nuevos-Beneficios-2022-1-300x188.png 300w\" sizes=\"(max-width: 400px) 100vw, 400px\" \/>        <\/div>\n        <div class=\"qode-workflow-text\">\n            <span class=\"circle\" style=\"\"><\/span>\n                            <h3>Suscripciones gratuitas<\/h3>\n                                                    <p class=\"text\">Revista Trimestral Talentum-LATAM de FIDAGH Sin costo<br \/>\nEspacio en Revista de la FIDAGH para escribir art\u00edculos<br \/>\nMaterial de Foros y Congresos internacionales sin costo<\/p>\n                    <\/div>\n    <\/div>\n<\/div><div class=\"qode-workflow-item\">\n    <span class=\"line\" style=\"\"><\/span>\n    <div class=\"qode-workflow-item-inner reverse\">\n        <div class=\"qode-workflow-image center\">\n            <img loading=\"lazy\" decoding=\"async\" width=\"400\" height=\"250\" src=\"https:\/\/asobogh.org.bo\/wp-content\/uploads\/2022\/09\/Nuevos-Beneficios-2022-2.png\" class=\"attachment-full size-full\" alt=\"\" srcset=\"https:\/\/asobogh.org.bo\/wp-content\/uploads\/2022\/09\/Nuevos-Beneficios-2022-2.png 400w, https:\/\/asobogh.org.bo\/wp-content\/uploads\/2022\/09\/Nuevos-Beneficios-2022-2-300x188.png 300w\" sizes=\"(max-width: 400px) 100vw, 400px\" \/>        <\/div>\n        <div class=\"qode-workflow-text\">\n            <span class=\"circle\" style=\"\"><\/span>\n                            <h3>Descuentos en centros de formaci\u00f3n Nacionales e Internacionales<\/h3>\n                                                    <p class=\"text\">Contamos con convenios con diferentes centros de formaci\u00f3n que ponemos a disposici\u00f3n de nuestros asociados para impulsarlos a seguir adquiriendo conocimientos para crear espacios de trabajos m\u00e1s aut\u00e9nticos.<\/p>\n                    <\/div>\n    <\/div>\n<\/div><div class=\"qode-workflow-item\">\n    <span class=\"line\" style=\"\"><\/span>\n    <div class=\"qode-workflow-item-inner \">\n        <div class=\"qode-workflow-image center\">\n            <img loading=\"lazy\" decoding=\"async\" width=\"400\" height=\"250\" src=\"https:\/\/asobogh.org.bo\/wp-content\/uploads\/2022\/09\/Nuevos-Beneficios-2022-3.png\" class=\"attachment-full size-full\" alt=\"\" srcset=\"https:\/\/asobogh.org.bo\/wp-content\/uploads\/2022\/09\/Nuevos-Beneficios-2022-3.png 400w, https:\/\/asobogh.org.bo\/wp-content\/uploads\/2022\/09\/Nuevos-Beneficios-2022-3-300x188.png 300w\" sizes=\"(max-width: 400px) 100vw, 400px\" \/>        <\/div>\n        <div class=\"qode-workflow-text\">\n            <span class=\"circle\" style=\"\"><\/span>\n                            <h3>Actividades de Networking<\/h3>\n                                                    <p class=\"text\">Desayunos trabajo 50%<br \/>\nHappy Hours 50%<\/p>\n                    <\/div>\n    <\/div>\n<\/div><div class=\"qode-workflow-item\">\n    <span class=\"line\" style=\"\"><\/span>\n    <div class=\"qode-workflow-item-inner reverse\">\n        <div class=\"qode-workflow-image center\">\n            <img loading=\"lazy\" decoding=\"async\" width=\"400\" height=\"250\" src=\"https:\/\/asobogh.org.bo\/wp-content\/uploads\/2025\/07\/BENEFICIOS.png\" class=\"attachment-full size-full\" alt=\"\" srcset=\"https:\/\/asobogh.org.bo\/wp-content\/uploads\/2025\/07\/BENEFICIOS.png 400w, https:\/\/asobogh.org.bo\/wp-content\/uploads\/2025\/07\/BENEFICIOS-300x188.png 300w\" sizes=\"(max-width: 400px) 100vw, 400px\" \/>        <\/div>\n        <div class=\"qode-workflow-text\">\n            <span class=\"circle\" style=\"\"><\/span>\n                            <h3>Nuevos beneficios 2025<\/h3>\n                                                    <p class=\"text\">CERTIFICACIONES EN GESTION HUMANA<br \/>\nCIRCULOS DE MENTOR\u00cdA EN GESTI\u00d3N HUMANA<br \/>\nFERIAS DE PROVEEDORES<br \/>\nEVENTOS DE OPORTUNIDAD DE CRECIMIENTO INTERNACIONAL<br \/>\nY M\u00c1S...<\/p>\n                    <\/div>\n    <\/div>\n<\/div><\/div>[vc_row_inner row_type=\u00bbrow\u00bb type=\u00bbfull_width\u00bb text_align=\u00bbleft\u00bb css_animation=\u00bb\u00bb][vc_column_inner][vc_empty_space height=\u00bb52px\u00bb]<div class=\"call_to_action  with_background_image\" style=\"background-image: url(https:\/\/asobogh.org.bo\/wp-content\/uploads\/2022\/09\/Banners-Asobogh-3.jpg);\"><div class=\"container_inner\"><div class=\"two_columns_75_25 clearfix\"><div class=\"text_wrapper column1\"><div class=\"call_to_action_text \" style=\"\"><span style=\"color: #ffffff;\">S\u00e9 parte de esta comunidad que genera oportunidades<\/span><\/div><\/div><div class=\"button_wrapper column2\"><a itemprop=\"url\" href=\"https:\/\/forms.gle\/jTg4MxAMJhET7vg76\" class=\"qbutton white \" target=\"_blank\" style=\"color: #ffffff;background-color: #faa100;\" data-hover-color=#282a6c>Quiero ser asociado\/a<\/a><\/div><\/div><\/div><\/div>[vc_empty_space height=\u00bb52px\u00bb][\/vc_column_inner][\/vc_row_inner][vc_row_inner row_type=\u00bbrow\u00bb type=\u00bbfull_width\u00bb text_align=\u00bbleft\u00bb css_animation=\u00bb\u00bb][vc_column_inner][vc_empty_space height=\u00bb52px\u00bb][\/vc_column_inner][\/vc_row_inner][\/vc_column][\/vc_row][vc_row css_animation=\u00bb\u00bb row_type=\u00bbrow\u00bb use_row_as_full_screen_section=\u00bbno\u00bb type=\u00bbfull_width\u00bb angled_section=\u00bbno\u00bb text_align=\u00bbleft\u00bb background_image_as_pattern=\u00bbwithout_pattern\u00bb z_index=\u00bb\u00bb css=\u00bb.vc_custom_1662821938789{background-color: #ffffff !important;}\u00bb][vc_column width=\u00bb1\/6&#8243;][vc_single_image image=\u00bb10041&#8243; img_size=\u00bbfull\u00bb alignment=\u00bbcenter\u00bb style=\u00bbvc_box_shadow_3d\u00bb qode_css_animation=\u00bb\u00bb qode_hover_animation=\u00bbzoom_in\u00bb][\/vc_column][vc_column width=\u00bb1\/6&#8243;][vc_single_image image=\u00bb10042&#8243; img_size=\u00bbfull\u00bb alignment=\u00bbcenter\u00bb style=\u00bbvc_box_shadow_3d\u00bb qode_css_animation=\u00bb\u00bb qode_hover_animation=\u00bbzoom_in\u00bb][\/vc_column][vc_column width=\u00bb1\/6&#8243;][vc_single_image image=\u00bb10043&#8243; img_size=\u00bbfull\u00bb alignment=\u00bbcenter\u00bb style=\u00bbvc_box_shadow_3d\u00bb qode_css_animation=\u00bb\u00bb qode_hover_animation=\u00bbzoom_in\u00bb][\/vc_column][vc_column width=\u00bb1\/6&#8243;][vc_single_image image=\u00bb10044&#8243; img_size=\u00bbfull\u00bb alignment=\u00bbcenter\u00bb style=\u00bbvc_box_shadow_3d\u00bb qode_css_animation=\u00bb\u00bb qode_hover_animation=\u00bbzoom_in\u00bb][\/vc_column][vc_column width=\u00bb1\/6&#8243;][vc_single_image image=\u00bb10045&#8243; img_size=\u00bbfull\u00bb alignment=\u00bbcenter\u00bb style=\u00bbvc_box_shadow_3d\u00bb qode_css_animation=\u00bb\u00bb qode_hover_animation=\u00bbzoom_in\u00bb][\/vc_column][vc_column width=\u00bb1\/6&#8243;][vc_single_image image=\u00bb10046&#8243; img_size=\u00bbfull\u00bb alignment=\u00bbcenter\u00bb style=\u00bbvc_box_shadow_3d\u00bb qode_css_animation=\u00bb\u00bb qode_hover_animation=\u00bbzoom_in\u00bb][\/vc_column][\/vc_row][vc_row css_animation=\u00bb\u00bb row_type=\u00bbrow\u00bb use_row_as_full_screen_section=\u00bbno\u00bb type=\u00bbfull_width\u00bb angled_section=\u00bbno\u00bb text_align=\u00bbleft\u00bb background_image_as_pattern=\u00bbwithout_pattern\u00bb css=\u00bb.vc_custom_1662821962267{background-color: #ffffff !important;}\u00bb z_index=\u00bb\u00bb][vc_column][vc_empty_space height=\u00bb52px\u00bb][vc_column_text]<\/p>\n<h1 style=\"text-align: center;\"><span style=\"color: #ff9900;\">Empresas asociadas<\/span><\/h1>\n<p>[\/vc_column_text][vc_separator type=\u00bbsmall\u00bb position=\u00bbcenter\u00bb color=\u00bb#faa100&#8243;][vc_empty_space height=\u00bb52px\u00bb][\/vc_column][\/vc_row][vc_row css_animation=\u00bb\u00bb row_type=\u00bbrow\u00bb use_row_as_full_screen_section=\u00bbno\u00bb type=\u00bbgrid\u00bb angled_section=\u00bbno\u00bb text_align=\u00bbleft\u00bb background_image_as_pattern=\u00bbwithout_pattern\u00bb z_index=\u00bb\u00bb css=\u00bb.vc_custom_1662821847870{background-color: #ffffff !important;}\u00bb][vc_column][vc_single_image image=\u00bb1846&#8243; img_size=\u00bblarge\u00bb alignment=\u00bbcenter\u00bb style=\u00bbvc_box_shadow_3d\u00bb qode_css_animation=\u00bbelement_from_top\u00bb qode_hover_animation=\u00bbzoom_in\u00bb transition_delay=\u00bb0,1&#8243; css=\u00bb.vc_custom_1662657257468{background-color: #ffffff !important;}\u00bb][\/vc_column][\/vc_row][vc_row css_animation=\u00bb\u00bb row_type=\u00bbrow\u00bb use_row_as_full_screen_section=\u00bbno\u00bb type=\u00bbfull_width\u00bb angled_section=\u00bbno\u00bb text_align=\u00bbleft\u00bb background_image_as_pattern=\u00bbwithout_pattern\u00bb css=\u00bb.vc_custom_1662821859733{background-color: #ffffff !important;}\u00bb z_index=\u00bb\u00bb][vc_column][vc_column_text]<\/p>\n<h1 style=\"text-align: center;\"><span style=\"color: #ff9900;\">Consultoras\/proveedoras asociadas<\/span><\/h1>\n<p>[\/vc_column_text][vc_separator type=\u00bbsmall\u00bb position=\u00bbcenter\u00bb color=\u00bb#faa100&#8243;][vc_empty_space height=\u00bb52px\u00bb][\/vc_column][\/vc_row][vc_row css_animation=\u00bb\u00bb row_type=\u00bbrow\u00bb use_row_as_full_screen_section=\u00bbno\u00bb type=\u00bbgrid\u00bb angled_section=\u00bbno\u00bb text_align=\u00bbleft\u00bb background_image_as_pattern=\u00bbwithout_pattern\u00bb z_index=\u00bb\u00bb css=\u00bb.vc_custom_1662657180873{background-color: #ffffff !important;}\u00bb][vc_column][vc_single_image image=\u00bb1848&#8243; img_size=\u00bblarge\u00bb alignment=\u00bbcenter\u00bb style=\u00bbvc_box_shadow_3d\u00bb qode_css_animation=\u00bbelement_from_top\u00bb qode_hover_animation=\u00bbzoom_in\u00bb transition_delay=\u00bb0,1&#8243; css=\u00bb.vc_custom_1662659257438{background-color: #ffffff !important;}\u00bb][\/vc_column][\/vc_row][vc_row css_animation=\u00bb\u00bb row_type=\u00bbrow\u00bb use_row_as_full_screen_section=\u00bbno\u00bb type=\u00bbfull_width\u00bb angled_section=\u00bbno\u00bb text_align=\u00bbleft\u00bb background_image_as_pattern=\u00bbwithout_pattern\u00bb css=\u00bb.vc_custom_1662822574313{background-color: #ffffff !important;}\u00bb z_index=\u00bb\u00bb][vc_column][vc_column_text]<\/p>\n<h1 style=\"text-align: center;\"><span style=\"color: #ff9900;\">Profesionales con membres\u00eda que son parte de las siguientes empresas<\/span><\/h1>\n<p>[\/vc_column_text][vc_separator type=\u00bbsmall\u00bb position=\u00bbcenter\u00bb color=\u00bb#faa100&#8243;][vc_empty_space height=\u00bb52px\u00bb][\/vc_column][\/vc_row][vc_row css_animation=\u00bb\u00bb row_type=\u00bbrow\u00bb use_row_as_full_screen_section=\u00bbno\u00bb type=\u00bbgrid\u00bb angled_section=\u00bbno\u00bb text_align=\u00bbleft\u00bb background_image_as_pattern=\u00bbwithout_pattern\u00bb z_index=\u00bb\u00bb css=\u00bb.vc_custom_1662821908891{background-color: #ffffff !important;}\u00bb][vc_column][vc_single_image image=\u00bb1987&#8243; img_size=\u00bblarge\u00bb alignment=\u00bbcenter\u00bb style=\u00bbvc_box_shadow_3d\u00bb qode_css_animation=\u00bbelement_from_top\u00bb qode_hover_animation=\u00bbzoom_in\u00bb transition_delay=\u00bb0,1&#8243; css=\u00bb.vc_custom_1663906037295{background-color: #ffffff !important;}\u00bb][vc_empty_space height=\u00bb52px\u00bb][vc_empty_space height=\u00bb52px\u00bb][\/vc_column][\/vc_row]<\/p>\n","protected":false},"excerpt":{"rendered":"<p>[vc_row css_animation=\u00bb\u00bb row_type=\u00bbrow\u00bb use_row_as_full_screen_section=\u00bbno\u00bb type=\u00bbfull_width\u00bb angled_section=\u00bbno\u00bb text_align=\u00bbleft\u00bb background_image_as_pattern=\u00bbwithout_pattern\u00bb][vc_column][vc_column_text] Las ventajas de ser asociado [\/vc_column_text][vc_separator type=\u00bbsmall\u00bb position=\u00bbcenter\u00bb color=\u00bb#faa100&#8243;][vc_empty_space height=\u00bb52px\u00bb][\/vc_column][\/vc_row][vc_row css_animation=\u00bb\u00bb row_type=\u00bbrow\u00bb use_row_as_full_screen_section=\u00bbno\u00bb type=\u00bbfull_width\u00bb angled_section=\u00bbno\u00bb text_align=\u00bbleft\u00bb background_image_as_pattern=\u00bbwithout_pattern\u00bb][vc_column][vc_row_inner row_type=\u00bbrow\u00bb type=\u00bbfull_width\u00bb text_align=\u00bbleft\u00bb css_animation=\u00bb\u00bb][vc_column_inner][vc_empty_space height=\u00bb52px\u00bb][vc_empty_space height=\u00bb52px\u00bb][\/vc_column_inner][\/vc_row_inner][vc_row_inner row_type=\u00bbrow\u00bb type=\u00bbfull_width\u00bb text_align=\u00bbleft\u00bb css_animation=\u00bb\u00bb][vc_column_inner][vc_empty_space height=\u00bb52px\u00bb][\/vc_column_inner][\/vc_row_inner][\/vc_column][\/vc_row][vc_row css_animation=\u00bb\u00bb row_type=\u00bbrow\u00bb use_row_as_full_screen_section=\u00bbno\u00bb type=\u00bbfull_width\u00bb angled_section=\u00bbno\u00bb text_align=\u00bbleft\u00bb background_image_as_pattern=\u00bbwithout_pattern\u00bb z_index=\u00bb\u00bb css=\u00bb.vc_custom_1662821938789{background-color:&#8230;<\/p>\n","protected":false},"author":2,"featured_media":0,"parent":0,"menu_order":0,"comment_status":"closed","ping_status":"closed","template":"full_width.php","meta":{"footnotes":""},"class_list":["post-1110","page","type-page","status-publish","hentry"],"_links":{"self":[{"href":"https:\/\/asobogh.org.bo\/index.php?rest_route=\/wp\/v2\/pages\/1110","targetHints":{"allow":["GET"]}}],"collection":[{"href":"https:\/\/asobogh.org.bo\/index.php?rest_route=\/wp\/v2\/pages"}],"about":[{"href":"https:\/\/asobogh.org.bo\/index.php?rest_route=\/wp\/v2\/types\/page"}],"author":[{"embeddable":true,"href":"https:\/\/asobogh.org.bo\/index.php?rest_route=\/wp\/v2\/users\/2"}],"replies":[{"embeddable":true,"href":"https:\/\/asobogh.org.bo\/index.php?rest_route=%2Fwp%2Fv2%2Fcomments&post=1110"}],"version-history":[{"count":19,"href":"https:\/\/asobogh.org.bo\/index.php?rest_route=\/wp\/v2\/pages\/1110\/revisions"}],"predecessor-version":[{"id":10047,"href":"https:\/\/asobogh.org.bo\/index.php?rest_route=\/wp\/v2\/pages\/1110\/revisions\/10047"}],"wp:attachment":[{"href":"https:\/\/asobogh.org.bo\/index.php?rest_route=%2Fwp%2Fv2%2Fmedia&parent=1110"}],"curies":[{"name":"wp","href":"https:\/\/api.w.org\/{rel}","templated":true}]}}