{"id":1545,"date":"2018-05-07T10:54:04","date_gmt":"2018-05-07T10:54:04","guid":{"rendered":"http:\/\/bridge231.qodeinteractive.com\/?page_id=305"},"modified":"2022-09-15T19:23:43","modified_gmt":"2022-09-15T23:23:43","slug":"servicios","status":"publish","type":"page","link":"https:\/\/asobogh.org.bo\/?page_id=1545","title":{"rendered":"NUESTROS SERVICIOS"},"content":{"rendered":"<p>[vc_row css_animation=\u00bb\u00bb row_type=\u00bbrow\u00bb use_row_as_full_screen_section=\u00bbno\u00bb type=\u00bbgrid\u00bb angled_section=\u00bbno\u00bb text_align=\u00bbleft\u00bb background_image_as_pattern=\u00bbwithout_pattern\u00bb padding_bottom=\u00bb90&#8243; z_index=\u00bb\u00bb css=\u00bb.vc_custom_1663279271664{background-color: #ffffff !important;}\u00bb][vc_column][vc_empty_space height=\u00bb42px\u00bb][vc_column_text]<\/p>\n<h1 style=\"text-align: center;\"><span style=\"color: #ff9900;\">Nuestros servicios<\/span><\/h1>\n<p>[\/vc_column_text][vc_empty_space height=\u00bb42px\u00bb][vc_column_text]<\/p>\n<h4 style=\"text-align: center;\">Los asociados podr\u00e1n disfrutar del uso de soluciones de negocio, descuentos exclusivos y otros beneficios relacionados al sector de gesti\u00f3n humana y bienestar organizacional como parte de los servicios que tiene ASOBOGH<\/h4>\n<p>[\/vc_column_text][vc_empty_space height=\u00bb42px\u00bb][vc_separator type=\u00bbnormal\u00bb color=\u00bb#faa100&#8243;][\/vc_column][\/vc_row][vc_row css_animation=\u00bb\u00bb row_type=\u00bbrow\u00bb use_row_as_full_screen_section=\u00bbno\u00bb type=\u00bbgrid\u00bb angled_section=\u00bbno\u00bb text_align=\u00bbleft\u00bb background_image_as_pattern=\u00bbwithout_pattern\u00bb css=\u00bb.vc_custom_1663279287102{background-color: #ffffff !important;}\u00bb z_index=\u00bb\u00bb][vc_column css_animation=\u00bbbounceInLeft\u00bb width=\u00bb1\/2&#8243;]<div class=\"qode-info-card\">\n\t\t\t<div class=\"qode-info-card-image\" style=\"background-color:#fff\">\n\t\t\t<img decoding=\"async\" src=\"https:\/\/asobogh.org.bo\/wp-content\/uploads\/2022\/09\/Nuevos-Beneficios-2022-9.png\" alt=\"\" \/>\n\t\t<\/div>\n\t\t<div class=\"qode-info-card-text-holder\" style=\"background-color:#fff\">\n\t\t\t\t\t<h3 class=\"qode-info-card-title\" style=\"color:#282a6c\">\n\t\t\t\tBOLSA DE EMPLEO ASOBOGH\t\t\t<\/h3>\n\t\t\t\t\t\t\t<p class=\"qode-info-card-text\" style=\"color:#282a6c\">\n\t\t\t\tA trav\u00e9s de la bolsa de empleo inteligente Asobogh, los asociados podr\u00e1n automatizar sus procesos de reclutamiento y selecci\u00f3n, teniendo acceso a candidatos identificando el ajuste al puesto de cada persona postulada frente al perfil del cargo. Adem\u00e1s, podr\u00e1n publicar vacantes mensuales, sin costo, y evaluar candidatos para sus procesos de selecci\u00f3n.\t\t\t<\/p>\n\t\t\t<\/div>\n\t<\/div>[\/vc_column][vc_column css_animation=\u00bbbounceInRight\u00bb width=\u00bb1\/2&#8243;][vc_single_image image=\u00bb1880&#8243; img_size=\u00bbfull\u00bb alignment=\u00bbcenter\u00bb qode_css_animation=\u00bb\u00bb qode_hover_animation=\u00bbzoom_in\u00bb][\/vc_column][\/vc_row]<\/p>\n","protected":false},"excerpt":{"rendered":"<p>[vc_row css_animation=\u00bb\u00bb row_type=\u00bbrow\u00bb use_row_as_full_screen_section=\u00bbno\u00bb type=\u00bbgrid\u00bb angled_section=\u00bbno\u00bb text_align=\u00bbleft\u00bb background_image_as_pattern=\u00bbwithout_pattern\u00bb padding_bottom=\u00bb90&#8243; z_index=\u00bb\u00bb css=\u00bb.vc_custom_1663279271664{background-color: #ffffff !important;}\u00bb][vc_column][vc_empty_space height=\u00bb42px\u00bb][vc_column_text] Nuestros servicios [\/vc_column_text][vc_empty_space height=\u00bb42px\u00bb][vc_column_text] Los asociados podr\u00e1n disfrutar del uso de soluciones de negocio, descuentos exclusivos y otros beneficios relacionados al sector de gesti\u00f3n humana y bienestar organizacional como parte de&#8230;<\/p>\n","protected":false},"author":2,"featured_media":0,"parent":0,"menu_order":0,"comment_status":"closed","ping_status":"closed","template":"full_width.php","meta":{"footnotes":""},"class_list":["post-1545","page","type-page","status-publish","hentry"],"_links":{"self":[{"href":"https:\/\/asobogh.org.bo\/index.php?rest_route=\/wp\/v2\/pages\/1545","targetHints":{"allow":["GET"]}}],"collection":[{"href":"https:\/\/asobogh.org.bo\/index.php?rest_route=\/wp\/v2\/pages"}],"about":[{"href":"https:\/\/asobogh.org.bo\/index.php?rest_route=\/wp\/v2\/types\/page"}],"author":[{"embeddable":true,"href":"https:\/\/asobogh.org.bo\/index.php?rest_route=\/wp\/v2\/users\/2"}],"replies":[{"embeddable":true,"href":"https:\/\/asobogh.org.bo\/index.php?rest_route=%2Fwp%2Fv2%2Fcomments&post=1545"}],"version-history":[{"count":9,"href":"https:\/\/asobogh.org.bo\/index.php?rest_route=\/wp\/v2\/pages\/1545\/revisions"}],"predecessor-version":[{"id":1969,"href":"https:\/\/asobogh.org.bo\/index.php?rest_route=\/wp\/v2\/pages\/1545\/revisions\/1969"}],"wp:attachment":[{"href":"https:\/\/asobogh.org.bo\/index.php?rest_route=%2Fwp%2Fv2%2Fmedia&parent=1545"}],"curies":[{"name":"wp","href":"https:\/\/api.w.org\/{rel}","templated":true}]}}