{"id":291,"date":"2018-05-07T10:10:49","date_gmt":"2018-05-07T10:10:49","guid":{"rendered":"http:\/\/bridge231.qodeinteractive.com\/?page_id=291"},"modified":"2025-07-12T16:00:35","modified_gmt":"2025-07-12T20:00:35","slug":"congresos","status":"publish","type":"page","link":"https:\/\/asobogh.org.bo\/?page_id=291","title":{"rendered":"CONGRESOS"},"content":{"rendered":"\t\t<div data-elementor-type=\"wp-page\" data-elementor-id=\"291\" class=\"elementor elementor-291\">\n\t\t\t\t<div class=\"elementor-element elementor-element-4b315ec4 e-flex e-con-boxed e-con e-parent\" data-id=\"4b315ec4\" data-element_type=\"container\">\n\t\t\t\t\t<div class=\"e-con-inner\">\n\t\t\t\t<div class=\"elementor-element elementor-element-2080cbe elementor-widget elementor-widget-text-editor\" data-id=\"2080cbe\" data-element_type=\"widget\" data-widget_type=\"text-editor.default\">\n\t\t\t\t<div class=\"elementor-widget-container\">\n\t\t\t\t\t\t\t\t\t<p>[vc_row css_animation=\u00bb\u00bb row_type=\u00bbrow\u00bb use_row_as_full_screen_section=\u00bbno\u00bb type=\u00bbgrid\u00bb angled_section=\u00bbno\u00bb text_align=\u00bbleft\u00bb background_image_as_pattern=\u00bbwithout_pattern\u00bb padding_top=\u00bb128&#8243; padding_bottom=\u00bb133&#8243; z_index=\u00bb\u00bb][vc_column][vc_empty_space height=\u00bb22px\u00bb][vc_column_text]<\/p>\r\n<div class=\"kvgmc6g5 cxmmr5t8 oygrvhab hcukyx3x c1et5uql ii04i59q\">\r\n<h2 dir=\"auto\" style=\"text-align: center;\">XVII Congreso Internacional de Gesti\u00f3n Humana<\/h2>\r\n<\/div>\r\n<p>[\/vc_column_text][vc_empty_space height=\u00bb22px\u00bb][vc_empty_space height=\u00bb22px\u00bb][vc_empty_space height=\u00bb22px\u00bb][vc_column_text]<\/p>\r\n<div class=\"kvgmc6g5 cxmmr5t8 oygrvhab hcukyx3x c1et5uql ii04i59q\">\r\n<div dir=\"auto\" style=\"text-align: center;\">XVII Congreso Internacional de Gesti\u00f3n Humana ASOBOGH &#8211; BPO CENTER: \u00abReconstruir Engagement y Cultura hacia el alto rendimiento\u00bb.<\/div>\r\n<\/div>\r\n<div class=\"cxmmr5t8 oygrvhab hcukyx3x c1et5uql o9v6fnle ii04i59q\">\r\n<div dir=\"auto\" style=\"text-align: center;\">Un evento de 2 jornadas de inspiraci\u00f3n y aprendizaje con la participaci\u00f3n de invitados especiales de Bolivia, 8 speakers internacionales de primer nivel y un panel de +400 l\u00edderes quienes nos compartir\u00e1n pr\u00e1cticas, herramientas enfocadas en los siguientes temas: Liderazgo sin\u00e9rgico, Engagement y Reconstruir cultura, Pr\u00e1cticas del Futuro del Trabajo, Mentalidad de Crecimiento y Reskilling y Eficiencia y Optimizaci\u00f3n.<\/div>\r\n<\/div>\r\n<p>[\/vc_column_text][vc_empty_space height=\u00bb52px\u00bb][\/vc_column][\/vc_row][vc_row css_animation=\u00bb\u00bb row_type=\u00bbrow\u00bb use_row_as_full_screen_section=\u00bbno\u00bb type=\u00bbfull_width\u00bb angled_section=\u00bbno\u00bb text_align=\u00bbleft\u00bb background_image_as_pattern=\u00bbwithout_pattern\u00bb][vc_column][vc_video link=\u00bbhttps:\/\/www.youtube.com\/watch?v=TLJewjV9Xhw\u00bb][\/vc_column][\/vc_row][vc_row css_animation=\u00bb\u00bb row_type=\u00bbrow\u00bb use_row_as_full_screen_section=\u00bbno\u00bb type=\u00bbgrid\u00bb angled_section=\u00bbno\u00bb text_align=\u00bbleft\u00bb background_image_as_pattern=\u00bbwithout_pattern\u00bb padding_top=\u00bb128&#8243; padding_bottom=\u00bb133&#8243; z_index=\u00bb\u00bb][vc_column][vc_empty_space height=\u00bb22px\u00bb][vc_column_text]<\/p>\r\n<div class=\"kvgmc6g5 cxmmr5t8 oygrvhab hcukyx3x c1et5uql ii04i59q\">\r\n<div dir=\"auto\" style=\"text-align: center;\">\r\n<div class=\"kvgmc6g5 cxmmr5t8 oygrvhab hcukyx3x c1et5uql ii04i59q\">\r\n<div dir=\"auto\">ASOBOGH &#8211; 19 a\u00f1os de experiencia en Gesti\u00f3n de Talento Humano en Bolivia<\/div>\r\n<div dir=\"auto\"><\/div>\r\n<\/div>\r\n<div class=\"cxmmr5t8 oygrvhab hcukyx3x c1et5uql o9v6fnle ii04i59q\">\r\n<div dir=\"auto\">Obt\u00e9n todos los beneficios por ser miembro de la mayor red de Gesti\u00f3n Humana de Bolivia conectada con las personas del rubro en el mundo.<\/div>\r\n<div dir=\"auto\"><\/div>\r\n<\/div>\r\n<div class=\"cxmmr5t8 oygrvhab hcukyx3x c1et5uql o9v6fnle ii04i59q\">\r\n<div dir=\"auto\"><strong>Accede al 20% de descuento al inscribirte al XVII Congreso de Gesti\u00f3n Humana \u00abReconstruir Engagement y Cultura hacia el Alto Rendimiento\u00bb<\/strong><\/div>\r\n<\/div>\r\n<\/div>\r\n<\/div>\r\n<p>[\/vc_column_text][vc_empty_space height=\u00bb52px\u00bb][\/vc_column][\/vc_row]<\/p>\r\n\t\t\t\t\t\t\t\t<\/div>\n\t\t\t\t<\/div>\n\t\t\t\t\t<\/div>\n\t\t\t\t<\/div>\n\t\t<div class=\"elementor-element elementor-element-c077d9d e-con-full e-flex e-con e-parent\" data-id=\"c077d9d\" data-element_type=\"container\">\n\t\t\t\t<div class=\"elementor-element elementor-element-c8fc947 elementor-widget elementor-widget-image\" data-id=\"c8fc947\" data-element_type=\"widget\" data-widget_type=\"image.default\">\n\t\t\t\t<div class=\"elementor-widget-container\">\n\t\t\t\t\t\t\t\t\t\t\t\t\t\t\t<img fetchpriority=\"high\" decoding=\"async\" width=\"1024\" height=\"576\" src=\"https:\/\/asobogh.org.bo\/wp-content\/uploads\/2025\/06\/WhatsApp-Image-2025-06-03-at-11.36.28-PM-1024x576.jpeg\" class=\"attachment-large size-large wp-image-10016\" alt=\"imagen evento\" srcset=\"https:\/\/asobogh.org.bo\/wp-content\/uploads\/2025\/06\/WhatsApp-Image-2025-06-03-at-11.36.28-PM-1024x576.jpeg 1024w, https:\/\/asobogh.org.bo\/wp-content\/uploads\/2025\/06\/WhatsApp-Image-2025-06-03-at-11.36.28-PM-300x169.jpeg 300w, https:\/\/asobogh.org.bo\/wp-content\/uploads\/2025\/06\/WhatsApp-Image-2025-06-03-at-11.36.28-PM-768x432.jpeg 768w, https:\/\/asobogh.org.bo\/wp-content\/uploads\/2025\/06\/WhatsApp-Image-2025-06-03-at-11.36.28-PM-1536x864.jpeg 1536w, https:\/\/asobogh.org.bo\/wp-content\/uploads\/2025\/06\/WhatsApp-Image-2025-06-03-at-11.36.28-PM-700x394.jpeg 700w, https:\/\/asobogh.org.bo\/wp-content\/uploads\/2025\/06\/WhatsApp-Image-2025-06-03-at-11.36.28-PM-539x303.jpeg 539w, https:\/\/asobogh.org.bo\/wp-content\/uploads\/2025\/06\/WhatsApp-Image-2025-06-03-at-11.36.28-PM.jpeg 1600w\" sizes=\"(max-width: 1024px) 100vw, 1024px\" \/>\t\t\t\t\t\t\t\t\t\t\t\t\t\t\t<\/div>\n\t\t\t\t<\/div>\n\t\t\t\t<\/div>\n\t\t\t\t<\/div>\n\t\t","protected":false},"excerpt":{"rendered":"<p>[vc_row css_animation=\u00bb\u00bb row_type=\u00bbrow\u00bb use_row_as_full_screen_section=\u00bbno\u00bb type=\u00bbgrid\u00bb angled_section=\u00bbno\u00bb text_align=\u00bbleft\u00bb background_image_as_pattern=\u00bbwithout_pattern\u00bb padding_top=\u00bb128&#8243; padding_bottom=\u00bb133&#8243; z_index=\u00bb\u00bb][vc_column][vc_empty_space height=\u00bb22px\u00bb][vc_column_text] XVII Congreso Internacional de Gesti\u00f3n Humana [\/vc_column_text][vc_empty_space height=\u00bb22px\u00bb][vc_empty_space height=\u00bb22px\u00bb][vc_empty_space height=\u00bb22px\u00bb][vc_column_text] XVII Congreso Internacional de Gesti\u00f3n Humana ASOBOGH &#8211; BPO CENTER: \u00abReconstruir Engagement y Cultura hacia el alto rendimiento\u00bb. Un evento de 2 jornadas&#8230;<\/p>\n","protected":false},"author":2,"featured_media":0,"parent":0,"menu_order":0,"comment_status":"closed","ping_status":"closed","template":"","meta":{"footnotes":""},"class_list":["post-291","page","type-page","status-publish","hentry"],"_links":{"self":[{"href":"https:\/\/asobogh.org.bo\/index.php?rest_route=\/wp\/v2\/pages\/291","targetHints":{"allow":["GET"]}}],"collection":[{"href":"https:\/\/asobogh.org.bo\/index.php?rest_route=\/wp\/v2\/pages"}],"about":[{"href":"https:\/\/asobogh.org.bo\/index.php?rest_route=\/wp\/v2\/types\/page"}],"author":[{"embeddable":true,"href":"https:\/\/asobogh.org.bo\/index.php?rest_route=\/wp\/v2\/users\/2"}],"replies":[{"embeddable":true,"href":"https:\/\/asobogh.org.bo\/index.php?rest_route=%2Fwp%2Fv2%2Fcomments&post=291"}],"version-history":[{"count":23,"href":"https:\/\/asobogh.org.bo\/index.php?rest_route=\/wp\/v2\/pages\/291\/revisions"}],"predecessor-version":[{"id":10058,"href":"https:\/\/asobogh.org.bo\/index.php?rest_route=\/wp\/v2\/pages\/291\/revisions\/10058"}],"wp:attachment":[{"href":"https:\/\/asobogh.org.bo\/index.php?rest_route=%2Fwp%2Fv2%2Fmedia&parent=291"}],"curies":[{"name":"wp","href":"https:\/\/api.w.org\/{rel}","templated":true}]}}